{"id":9041,"date":"2020-07-20T11:08:20","date_gmt":"2020-07-20T11:08:20","guid":{"rendered":"https:\/\/mjvelascoabogada.com\/?page_id=9041"},"modified":"2021-08-09T13:43:50","modified_gmt":"2021-08-09T13:43:50","slug":"newsletter-popup","status":"publish","type":"page","link":"https:\/\/mjvelascoabogada.com\/ca\/newsletter-popup\/","title":{"rendered":"Newsletter Popup"},"content":{"rendered":"<div data-elementor-type=\"wp-page\" data-elementor-id=\"9041\" class=\"elementor elementor-9041\">\n\t\t\t\t\t\t<section class=\"elementor-section elementor-top-section elementor-element elementor-element-adce67d elementor-section-boxed elementor-section-height-default elementor-section-height-default sc_fly_static\" data-id=\"adce67d\" data-element_type=\"section\">\n\t\t\t\t\t\t<div class=\"elementor-container elementor-column-gap-extended\">\n\t\t\t\t\t<div class=\"elementor-column elementor-col-100 elementor-top-column elementor-element elementor-element-5281285 sc_layouts_column_align_center sc_layouts_column sc_content_align_inherit sc_layouts_column_icons_position_left sc_fly_static\" data-id=\"5281285\" data-element_type=\"column\">\n\t\t\t<div class=\"elementor-widget-wrap elementor-element-populated\">\n\t\t\t\t\t\t<div class=\"elementor-element elementor-element-145cdc2 sc_height_huge sc_fly_static elementor-widget elementor-widget-spacer\" data-id=\"145cdc2\" data-element_type=\"widget\" data-widget_type=\"spacer.default\">\n\t\t\t\t<div class=\"elementor-widget-container\">\n\t\t\t\t\t\t\t<div class=\"elementor-spacer\">\n\t\t\t<div class=\"elementor-spacer-inner\"><\/div>\n\t\t<\/div>\n\t\t\t\t\t\t<\/div>\n\t\t\t\t<\/div>\n\t\t\t\t<div class=\"elementor-element elementor-element-ec09a35 sc_layouts_hide_on_tablet sc_layouts_hide_on_mobile sc_fly_static elementor-widget elementor-widget-spacer\" data-id=\"ec09a35\" data-element_type=\"widget\" data-widget_type=\"spacer.default\">\n\t\t\t\t<div class=\"elementor-widget-container\">\n\t\t\t\t\t\t\t<div class=\"elementor-spacer\">\n\t\t\t<div class=\"elementor-spacer-inner\"><\/div>\n\t\t<\/div>\n\t\t\t\t\t\t<\/div>\n\t\t\t\t<\/div>\n\t\t\t\t<div class=\"elementor-element elementor-element-a2cfd69 sc_fly_static elementor-widget elementor-widget-trx_sc_title\" data-id=\"a2cfd69\" data-element_type=\"widget\" data-widget_type=\"trx_sc_title.default\">\n\t\t\t\t<div class=\"elementor-widget-container\">\n\t\t\t\t\t<div\t\tclass=\"sc_title sc_title_default\" ><h2 class=\"sc_item_title sc_title_title sc_item_title_style_default\"\n\t\t\t><span class=\"sc_item_title_text\">Default<\/span><\/h2><\/div>\t\t\t\t<\/div>\n\t\t\t\t<\/div>\n\t\t\t\t<div class=\"elementor-element elementor-element-9246f58 sc_height_small sc_fly_static elementor-widget elementor-widget-spacer\" data-id=\"9246f58\" data-element_type=\"widget\" data-widget_type=\"spacer.default\">\n\t\t\t\t<div class=\"elementor-widget-container\">\n\t\t\t\t\t\t\t<div class=\"elementor-spacer\">\n\t\t\t<div class=\"elementor-spacer-inner\"><\/div>\n\t\t<\/div>\n\t\t\t\t\t\t<\/div>\n\t\t\t\t<\/div>\n\t\t\t\t<div class=\"elementor-element elementor-element-c675d6b sc_fly_static elementor-widget elementor-widget-trx_sc_button\" data-id=\"c675d6b\" data-element_type=\"widget\" data-widget_type=\"trx_sc_button.default\">\n\t\t\t\t<div class=\"elementor-widget-container\">\n\t\t\t\t\t<div\tclass=\"sc_item_button sc_button_wrap\" ><a href=\"#\" id=\"manual-launch-3\" class=\"sc_button sc_button_default sc_button_size_normal sc_button_icon_left\" ><span class=\"sc_button_text\"><span class=\"sc_button_title\">Open Demo<\/span><\/span><\/a><\/div>\t\t\t\t<\/div>\n\t\t\t\t<\/div>\n\t\t\t\t<div class=\"elementor-element elementor-element-850f198 sc_height_huge sc_fly_static elementor-widget elementor-widget-spacer\" data-id=\"850f198\" data-element_type=\"widget\" data-widget_type=\"spacer.default\">\n\t\t\t\t<div class=\"elementor-widget-container\">\n\t\t\t\t\t\t\t<div class=\"elementor-spacer\">\n\t\t\t<div class=\"elementor-spacer-inner\"><\/div>\n\t\t<\/div>\n\t\t\t\t\t\t<\/div>\n\t\t\t\t<\/div>\n\t\t\t\t\t<\/div>\n\t\t<\/div>\n\t\t\t\t\t<\/div>\n\t\t<\/section>\n\t\t\t\t<section class=\"elementor-section elementor-top-section elementor-element elementor-element-c2d7e47 scheme_default elementor-section-boxed elementor-section-height-default elementor-section-height-default sc_fly_static\" data-id=\"c2d7e47\" data-element_type=\"section\" data-settings=\"{&quot;background_background&quot;:&quot;classic&quot;}\">\n\t\t\t\t\t\t<div class=\"elementor-container elementor-column-gap-extended\">\n\t\t\t\t\t<div class=\"elementor-column elementor-col-100 elementor-top-column elementor-element elementor-element-0243b75 sc_layouts_column_align_center sc_layouts_column sc_content_align_inherit sc_layouts_column_icons_position_left sc_fly_static\" data-id=\"0243b75\" data-element_type=\"column\">\n\t\t\t<div class=\"elementor-widget-wrap elementor-element-populated\">\n\t\t\t\t\t\t<div class=\"elementor-element elementor-element-d274a11 sc_height_huge sc_fly_static elementor-widget elementor-widget-spacer\" data-id=\"d274a11\" data-element_type=\"widget\" data-widget_type=\"spacer.default\">\n\t\t\t\t<div class=\"elementor-widget-container\">\n\t\t\t\t\t\t\t<div class=\"elementor-spacer\">\n\t\t\t<div class=\"elementor-spacer-inner\"><\/div>\n\t\t<\/div>\n\t\t\t\t\t\t<\/div>\n\t\t\t\t<\/div>\n\t\t\t\t<div class=\"elementor-element elementor-element-7719014 sc_layouts_hide_on_tablet sc_layouts_hide_on_mobile sc_fly_static elementor-widget elementor-widget-spacer\" data-id=\"7719014\" data-element_type=\"widget\" data-widget_type=\"spacer.default\">\n\t\t\t\t<div class=\"elementor-widget-container\">\n\t\t\t\t\t\t\t<div class=\"elementor-spacer\">\n\t\t\t<div class=\"elementor-spacer-inner\"><\/div>\n\t\t<\/div>\n\t\t\t\t\t\t<\/div>\n\t\t\t\t<\/div>\n\t\t\t\t<div class=\"elementor-element elementor-element-caaeb8d sc_fly_static elementor-widget elementor-widget-trx_sc_title\" data-id=\"caaeb8d\" data-element_type=\"widget\" data-widget_type=\"trx_sc_title.default\">\n\t\t\t\t<div class=\"elementor-widget-container\">\n\t\t\t\t\t<div\t\tclass=\"sc_title sc_title_default\" ><h2 class=\"sc_item_title sc_title_title sc_item_title_style_default\"\n\t\t\t><span class=\"sc_item_title_text\">Newsletter Box<\/span><\/h2><\/div>\t\t\t\t<\/div>\n\t\t\t\t<\/div>\n\t\t\t\t<div class=\"elementor-element elementor-element-188adb4 sc_height_small sc_fly_static elementor-widget elementor-widget-spacer\" data-id=\"188adb4\" data-element_type=\"widget\" data-widget_type=\"spacer.default\">\n\t\t\t\t<div class=\"elementor-widget-container\">\n\t\t\t\t\t\t\t<div class=\"elementor-spacer\">\n\t\t\t<div class=\"elementor-spacer-inner\"><\/div>\n\t\t<\/div>\n\t\t\t\t\t\t<\/div>\n\t\t\t\t<\/div>\n\t\t\t\t<div class=\"elementor-element elementor-element-14b3078 sc_fly_static elementor-widget elementor-widget-trx_sc_button\" data-id=\"14b3078\" data-element_type=\"widget\" data-widget_type=\"trx_sc_button.default\">\n\t\t\t\t<div class=\"elementor-widget-container\">\n\t\t\t\t\t<div\tclass=\"sc_item_button sc_button_wrap\" ><a href=\"#\" id=\"manual-launch-4\" class=\"sc_button sc_button_default sc_button_size_normal sc_button_icon_left\" ><span class=\"sc_button_text\"><span class=\"sc_button_title\">Open Demo<\/span><\/span><\/a><\/div>\t\t\t\t<\/div>\n\t\t\t\t<\/div>\n\t\t\t\t<div class=\"elementor-element elementor-element-561efcb sc_height_huge sc_fly_static elementor-widget elementor-widget-spacer\" data-id=\"561efcb\" data-element_type=\"widget\" data-widget_type=\"spacer.default\">\n\t\t\t\t<div class=\"elementor-widget-container\">\n\t\t\t\t\t\t\t<div class=\"elementor-spacer\">\n\t\t\t<div class=\"elementor-spacer-inner\"><\/div>\n\t\t<\/div>\n\t\t\t\t\t\t<\/div>\n\t\t\t\t<\/div>\n\t\t\t\t\t<\/div>\n\t\t<\/div>\n\t\t\t\t\t<\/div>\n\t\t<\/section>\n\t\t\t\t<\/div>","protected":false},"excerpt":{"rendered":"<p>Default Open Demo Newsletter Box Open Demo<\/p>","protected":false},"author":1,"featured_media":0,"parent":0,"menu_order":0,"comment_status":"closed","ping_status":"closed","template":"","meta":{"footnotes":""},"class_list":["post-9041","page","type-page","status-publish","hentry"],"yoast_head":"<!-- This site is optimized with the Yoast SEO plugin v23.8 - https:\/\/yoast.com\/wordpress\/plugins\/seo\/ -->\n<title>Newsletter Popup - Mar\u00eda Jos\u00e9 Velasco M\u00e9ndez<\/title>\n<meta name=\"robots\" content=\"index, follow, max-snippet:-1, max-image-preview:large, max-video-preview:-1\" \/>\n<link rel=\"canonical\" href=\"https:\/\/mjvelascoabogada.com\/ca\/newsletter-popup\/\" \/>\n<meta property=\"og:locale\" content=\"ca_ES\" \/>\n<meta property=\"og:type\" content=\"article\" \/>\n<meta property=\"og:title\" content=\"Newsletter Popup - Mar\u00eda Jos\u00e9 Velasco M\u00e9ndez\" \/>\n<meta property=\"og:description\" content=\"Default Open Demo Newsletter Box Open Demo\" \/>\n<meta property=\"og:url\" content=\"https:\/\/mjvelascoabogada.com\/ca\/newsletter-popup\/\" \/>\n<meta property=\"og:site_name\" content=\"Mar\u00eda Jos\u00e9 Velasco M\u00e9ndez\" \/>\n<meta property=\"article:modified_time\" content=\"2021-08-09T13:43:50+00:00\" \/>\n<meta name=\"twitter:card\" content=\"summary_large_image\" \/>\n<script type=\"application\/ld+json\" class=\"yoast-schema-graph\">{\"@context\":\"https:\/\/schema.org\",\"@graph\":[{\"@type\":\"WebPage\",\"@id\":\"https:\/\/mjvelascoabogada.com\/newsletter-popup\/\",\"url\":\"https:\/\/mjvelascoabogada.com\/newsletter-popup\/\",\"name\":\"Newsletter Popup - Mar\u00eda Jos\u00e9 Velasco M\u00e9ndez\",\"isPartOf\":{\"@id\":\"https:\/\/mjvelascoabogada.com\/#website\"},\"datePublished\":\"2020-07-20T11:08:20+00:00\",\"dateModified\":\"2021-08-09T13:43:50+00:00\",\"breadcrumb\":{\"@id\":\"https:\/\/mjvelascoabogada.com\/newsletter-popup\/#breadcrumb\"},\"inLanguage\":\"ca\",\"potentialAction\":[{\"@type\":\"ReadAction\",\"target\":[\"https:\/\/mjvelascoabogada.com\/newsletter-popup\/\"]}]},{\"@type\":\"BreadcrumbList\",\"@id\":\"https:\/\/mjvelascoabogada.com\/newsletter-popup\/#breadcrumb\",\"itemListElement\":[{\"@type\":\"ListItem\",\"position\":1,\"name\":\"Portada\",\"item\":\"https:\/\/mjvelascoabogada.com\/\"},{\"@type\":\"ListItem\",\"position\":2,\"name\":\"Newsletter Popup\"}]},{\"@type\":\"WebSite\",\"@id\":\"https:\/\/mjvelascoabogada.com\/#website\",\"url\":\"https:\/\/mjvelascoabogada.com\/\",\"name\":\"Mar\u00eda Jos\u00e9 Velasco M\u00e9ndez\",\"description\":\"ABOGADA\",\"publisher\":{\"@id\":\"https:\/\/mjvelascoabogada.com\/#organization\"},\"potentialAction\":[{\"@type\":\"SearchAction\",\"target\":{\"@type\":\"EntryPoint\",\"urlTemplate\":\"https:\/\/mjvelascoabogada.com\/?s={search_term_string}\"},\"query-input\":{\"@type\":\"PropertyValueSpecification\",\"valueRequired\":true,\"valueName\":\"search_term_string\"}}],\"inLanguage\":\"ca\"},{\"@type\":\"Organization\",\"@id\":\"https:\/\/mjvelascoabogada.com\/#organization\",\"name\":\"Mar\u00eda Jos\u00e9 Velasco M\u00e9ndez\",\"url\":\"https:\/\/mjvelascoabogada.com\/\",\"logo\":{\"@type\":\"ImageObject\",\"inLanguage\":\"ca\",\"@id\":\"https:\/\/mjvelascoabogada.com\/#\/schema\/logo\/image\/\",\"url\":\"https:\/\/mjvelascoabogada.com\/wp-content\/uploads\/2024\/11\/cropped-WhatsApp-Image-2024-11-06-at-10.53.19\u202fa.\u202fm-1.png\",\"contentUrl\":\"https:\/\/mjvelascoabogada.com\/wp-content\/uploads\/2024\/11\/cropped-WhatsApp-Image-2024-11-06-at-10.53.19\u202fa.\u202fm-1.png\",\"width\":2874,\"height\":575,\"caption\":\"Mar\u00eda Jos\u00e9 Velasco M\u00e9ndez\"},\"image\":{\"@id\":\"https:\/\/mjvelascoabogada.com\/#\/schema\/logo\/image\/\"}}]}<\/script>\n<!-- \/ Yoast SEO plugin. -->","yoast_head_json":{"title":"Newsletter Popup - Mar\u00eda Jos\u00e9 Velasco M\u00e9ndez","robots":{"index":"index","follow":"follow","max-snippet":"max-snippet:-1","max-image-preview":"max-image-preview:large","max-video-preview":"max-video-preview:-1"},"canonical":"https:\/\/mjvelascoabogada.com\/ca\/newsletter-popup\/","og_locale":"ca_ES","og_type":"article","og_title":"Newsletter Popup - Mar\u00eda Jos\u00e9 Velasco M\u00e9ndez","og_description":"Default Open Demo Newsletter Box Open Demo","og_url":"https:\/\/mjvelascoabogada.com\/ca\/newsletter-popup\/","og_site_name":"Mar\u00eda Jos\u00e9 Velasco M\u00e9ndez","article_modified_time":"2021-08-09T13:43:50+00:00","twitter_card":"summary_large_image","schema":{"@context":"https:\/\/schema.org","@graph":[{"@type":"WebPage","@id":"https:\/\/mjvelascoabogada.com\/newsletter-popup\/","url":"https:\/\/mjvelascoabogada.com\/newsletter-popup\/","name":"Newsletter Popup - Mar\u00eda Jos\u00e9 Velasco M\u00e9ndez","isPartOf":{"@id":"https:\/\/mjvelascoabogada.com\/#website"},"datePublished":"2020-07-20T11:08:20+00:00","dateModified":"2021-08-09T13:43:50+00:00","breadcrumb":{"@id":"https:\/\/mjvelascoabogada.com\/newsletter-popup\/#breadcrumb"},"inLanguage":"ca","potentialAction":[{"@type":"ReadAction","target":["https:\/\/mjvelascoabogada.com\/newsletter-popup\/"]}]},{"@type":"BreadcrumbList","@id":"https:\/\/mjvelascoabogada.com\/newsletter-popup\/#breadcrumb","itemListElement":[{"@type":"ListItem","position":1,"name":"Portada","item":"https:\/\/mjvelascoabogada.com\/"},{"@type":"ListItem","position":2,"name":"Newsletter Popup"}]},{"@type":"WebSite","@id":"https:\/\/mjvelascoabogada.com\/#website","url":"https:\/\/mjvelascoabogada.com\/","name":"Mar\u00eda Jos\u00e9 Velasco M\u00e9ndez","description":"ABOGADA","publisher":{"@id":"https:\/\/mjvelascoabogada.com\/#organization"},"potentialAction":[{"@type":"SearchAction","target":{"@type":"EntryPoint","urlTemplate":"https:\/\/mjvelascoabogada.com\/?s={search_term_string}"},"query-input":{"@type":"PropertyValueSpecification","valueRequired":true,"valueName":"search_term_string"}}],"inLanguage":"ca"},{"@type":"Organization","@id":"https:\/\/mjvelascoabogada.com\/#organization","name":"Mar\u00eda Jos\u00e9 Velasco M\u00e9ndez","url":"https:\/\/mjvelascoabogada.com\/","logo":{"@type":"ImageObject","inLanguage":"ca","@id":"https:\/\/mjvelascoabogada.com\/#\/schema\/logo\/image\/","url":"https:\/\/mjvelascoabogada.com\/wp-content\/uploads\/2024\/11\/cropped-WhatsApp-Image-2024-11-06-at-10.53.19\u202fa.\u202fm-1.png","contentUrl":"https:\/\/mjvelascoabogada.com\/wp-content\/uploads\/2024\/11\/cropped-WhatsApp-Image-2024-11-06-at-10.53.19\u202fa.\u202fm-1.png","width":2874,"height":575,"caption":"Mar\u00eda Jos\u00e9 Velasco M\u00e9ndez"},"image":{"@id":"https:\/\/mjvelascoabogada.com\/#\/schema\/logo\/image\/"}}]}},"_links":{"self":[{"href":"https:\/\/mjvelascoabogada.com\/ca\/wp-json\/wp\/v2\/pages\/9041"}],"collection":[{"href":"https:\/\/mjvelascoabogada.com\/ca\/wp-json\/wp\/v2\/pages"}],"about":[{"href":"https:\/\/mjvelascoabogada.com\/ca\/wp-json\/wp\/v2\/types\/page"}],"author":[{"embeddable":true,"href":"https:\/\/mjvelascoabogada.com\/ca\/wp-json\/wp\/v2\/users\/1"}],"replies":[{"embeddable":true,"href":"https:\/\/mjvelascoabogada.com\/ca\/wp-json\/wp\/v2\/comments?post=9041"}],"version-history":[{"count":0,"href":"https:\/\/mjvelascoabogada.com\/ca\/wp-json\/wp\/v2\/pages\/9041\/revisions"}],"wp:attachment":[{"href":"https:\/\/mjvelascoabogada.com\/ca\/wp-json\/wp\/v2\/media?parent=9041"}],"curies":[{"name":"wp","href":"https:\/\/api.w.org\/{rel}","templated":true}]}}