{"id":21300,"date":"2024-11-08T09:03:59","date_gmt":"2024-11-08T09:03:59","guid":{"rendered":"https:\/\/mjvelascoabogada.com\/?page_id=21300"},"modified":"2024-11-08T11:23:09","modified_gmt":"2024-11-08T11:23:09","slug":"accesibiliad","status":"publish","type":"page","link":"https:\/\/mjvelascoabogada.com\/ca\/accesibiliad\/","title":{"rendered":"Accessibilitat"},"content":{"rendered":"<h3 class=\"wp-block-heading\">Pol\u00edtica de Accesibilidad<\/h3>\n\n\n\n<p>En la construcci\u00f3n de la p\u00e1gina web de\u00a0<a href=\"https:\/\/mjvelascoabogada.com\/ca\/\">https:\/\/mjvelascoabogada.com<\/a>\u00a0se han adoptado medidas con el objetivo de que el mayor n\u00famero posible de personas puedan llegar a la informaci\u00f3n que se transmite en ella, independientemente de las limitaciones de la persona o de las que se deriven del contexto de uso.<\/p>\n\n\n\n<p>As\u00ed, en la confecci\u00f3n del portal se han tenido en cuenta los siguientes aspectos:<\/p>\n\n\n\n<ul class=\"wp-block-list\">\n<li>Uso de CSS para la presentaci\u00f3n de la informaci\u00f3n.<\/li>\n\n\n\n<li>Etiquetas de marcaje.<\/li>\n\n\n\n<li>Sistemas de navegaci\u00f3n usables, intuitivos y alternativos.<\/li>\n\n\n\n<li>Descripciones alternativas en las im\u00e1genes.<\/li>\n\n\n\n<li>Verificaciones en la visualizaci\u00f3n con diferentes navegadores y dispositivos.<\/li>\n\n\n\n<li>Utilizaci\u00f3n de formatos universales y alternativos.<\/li>\n\n\n\n<li>Los enlaces ofrecen detalles de la funci\u00f3n o destino del hiperv\u00ednculo.<\/li>\n\n\n\n<li>Uso de los est\u00e1ndares del W3C.<\/li>\n\n\n\n<li>Acceso mediante atajos teclado a las principales opciones.<\/li>\n<\/ul>\n\n\n\n<h3 class=\"wp-block-heading\">Cumplimiento de los est\u00e1ndares<\/h3>\n\n\n\n<p>Las p\u00e1ginas de este sitio Web cumplen la marca AA seg\u00fan la Norma UNE 139803:2004 y las Directrices de Accesibilidad para el Contenido Web 1.0 del W3C. Todos los requisitos de Prioridad 1 y Prioridad 2 y un subconjunto de los requisitos de Prioridad 3 han sido comprobados con un an\u00e1lisis manual de la accesibilidad a trav\u00e9s de diferentes herramientas semi-autom\u00e1ticas y agentes de usuario.<\/p>\n\n\n\n<h3 class=\"wp-block-heading\">Atajos de teclado<\/h3>\n\n\n\n<p>En esta Web puede hacer saltos ordenados en el contenido con la tecla Tab.<\/p>\n\n\n\n<h3 class=\"wp-block-heading\">Tama\u00f1o del texto<\/h3>\n\n\n\n<p>El dise\u00f1o accesible permite que el usuario pueda ajustar las fuentes al tama\u00f1o que le convenga. Esta acci\u00f3n puede llevarse a cabo de diferentes maneras seg\u00fan el navegador web que se utilice. A continuaci\u00f3n se indica la acci\u00f3n de men\u00fa donde se encuentra esta funcionalidad en los navegadores m\u00e1s frecuentes:<\/p>\n\n\n\n<ul class=\"wp-block-list\">\n<li>Mozilla Firefox: Ver > Tama\u00f1o de texto > Incrementar Internet<\/li>\n\n\n\n<li>Internet Explorer: Ver > Tama\u00f1o de texto > M\u00e1s grande<\/li>\n\n\n\n<li>Opera: View > Zoom > %<\/li>\n\n\n\n<li>Safari: View > Make text bigger<\/li>\n\n\n\n<li>Google Chrome: Herramientas > Zoom<\/li>\n<\/ul>\n\n\n\n<h3 class=\"wp-block-heading\">Configuraci\u00f3n t\u00e9cnica<\/h3>\n\n\n\n<p>Las p\u00e1ginas web est\u00e1n creadas con el CMS WordPress 6.1.1.<\/p>\n\n\n\n<h3 class=\"wp-block-heading\">Informaci\u00f3n \u00fatil sobre la accesibilidad<\/h3>\n\n\n\n<p>Seguidamente se exponen una serie de enlaces organizados en diferentes categor\u00edas \u00fatiles para obtener m\u00e1s informaci\u00f3n sobre la accesibilidad.<\/p>\n\n\n\n<h4 class=\"wp-block-heading\">Accesibilidad normas y documentos t\u00e9cnicos:<\/h4>\n\n\n\n<p><a href=\"http:\/\/www.w3c.org\/\" target=\"_blank\" rel=\"noreferrer noopener\">http:\/\/www.w3c.org\/<\/a><br>Consorcio World Wide Web, grupo de trabajo de \u00e1mbito internacional que dicta l\u00edneas generales relacionadas con la web.<\/p>\n\n\n\n<p><a href=\"http:\/\/www.w3c.org\/wai\/\" target=\"_blank\" rel=\"noreferrer noopener\">http:\/\/www.w3c.org\/wai\/<\/a><br>Iniciativa de Accesibilidad Web del W3C.<\/p>","protected":false},"excerpt":{"rendered":"<p>Pol\u00edtica de Accesibilidad En la construcci\u00f3n de la p\u00e1gina web de\u00a0https:\/\/mjvelascoabogada.com\u00a0se han adoptado medidas con el objetivo de que el mayor n\u00famero posible de personas puedan llegar a la informaci\u00f3n&hellip;<\/p>","protected":false},"author":1,"featured_media":0,"parent":0,"menu_order":0,"comment_status":"closed","ping_status":"closed","template":"","meta":{"footnotes":""},"class_list":["post-21300","page","type-page","status-publish","hentry"],"yoast_head":"<!-- This site is optimized with the Yoast SEO plugin v23.8 - https:\/\/yoast.com\/wordpress\/plugins\/seo\/ -->\n<title>Accesibiliad - Mar\u00eda Jos\u00e9 Velasco M\u00e9ndez<\/title>\n<meta name=\"robots\" content=\"index, follow, max-snippet:-1, max-image-preview:large, max-video-preview:-1\" \/>\n<link rel=\"canonical\" href=\"https:\/\/mjvelascoabogada.com\/ca\/accesibiliad\/\" \/>\n<meta property=\"og:locale\" content=\"ca_ES\" \/>\n<meta property=\"og:type\" content=\"article\" \/>\n<meta property=\"og:title\" content=\"Accesibiliad - Mar\u00eda Jos\u00e9 Velasco M\u00e9ndez\" \/>\n<meta property=\"og:description\" content=\"Pol\u00edtica de Accesibilidad En la construcci\u00f3n de la p\u00e1gina web de\u00a0https:\/\/mjvelascoabogada.com\u00a0se han adoptado medidas con el objetivo de que el mayor n\u00famero posible de personas puedan llegar a la informaci\u00f3n&hellip;\" \/>\n<meta property=\"og:url\" content=\"https:\/\/mjvelascoabogada.com\/ca\/accesibiliad\/\" \/>\n<meta property=\"og:site_name\" content=\"Mar\u00eda Jos\u00e9 Velasco M\u00e9ndez\" \/>\n<meta property=\"article:modified_time\" content=\"2024-11-08T11:23:09+00:00\" \/>\n<meta name=\"twitter:card\" content=\"summary_large_image\" \/>\n<meta name=\"twitter:label1\" content=\"Temps estimat de lectura\" \/>\n\t<meta name=\"twitter:data1\" content=\"2 minuts\" \/>\n<script type=\"application\/ld+json\" class=\"yoast-schema-graph\">{\"@context\":\"https:\/\/schema.org\",\"@graph\":[{\"@type\":\"WebPage\",\"@id\":\"https:\/\/mjvelascoabogada.com\/accesibiliad\/\",\"url\":\"https:\/\/mjvelascoabogada.com\/accesibiliad\/\",\"name\":\"Accesibiliad - Mar\u00eda Jos\u00e9 Velasco M\u00e9ndez\",\"isPartOf\":{\"@id\":\"https:\/\/mjvelascoabogada.com\/#website\"},\"datePublished\":\"2024-11-08T09:03:59+00:00\",\"dateModified\":\"2024-11-08T11:23:09+00:00\",\"breadcrumb\":{\"@id\":\"https:\/\/mjvelascoabogada.com\/accesibiliad\/#breadcrumb\"},\"inLanguage\":\"ca\",\"potentialAction\":[{\"@type\":\"ReadAction\",\"target\":[\"https:\/\/mjvelascoabogada.com\/accesibiliad\/\"]}]},{\"@type\":\"BreadcrumbList\",\"@id\":\"https:\/\/mjvelascoabogada.com\/accesibiliad\/#breadcrumb\",\"itemListElement\":[{\"@type\":\"ListItem\",\"position\":1,\"name\":\"Portada\",\"item\":\"https:\/\/mjvelascoabogada.com\/\"},{\"@type\":\"ListItem\",\"position\":2,\"name\":\"Accesibiliad\"}]},{\"@type\":\"WebSite\",\"@id\":\"https:\/\/mjvelascoabogada.com\/#website\",\"url\":\"https:\/\/mjvelascoabogada.com\/\",\"name\":\"Mar\u00eda Jos\u00e9 Velasco M\u00e9ndez\",\"description\":\"ABOGADA\",\"publisher\":{\"@id\":\"https:\/\/mjvelascoabogada.com\/#organization\"},\"potentialAction\":[{\"@type\":\"SearchAction\",\"target\":{\"@type\":\"EntryPoint\",\"urlTemplate\":\"https:\/\/mjvelascoabogada.com\/?s={search_term_string}\"},\"query-input\":{\"@type\":\"PropertyValueSpecification\",\"valueRequired\":true,\"valueName\":\"search_term_string\"}}],\"inLanguage\":\"ca\"},{\"@type\":\"Organization\",\"@id\":\"https:\/\/mjvelascoabogada.com\/#organization\",\"name\":\"Mar\u00eda Jos\u00e9 Velasco M\u00e9ndez\",\"url\":\"https:\/\/mjvelascoabogada.com\/\",\"logo\":{\"@type\":\"ImageObject\",\"inLanguage\":\"ca\",\"@id\":\"https:\/\/mjvelascoabogada.com\/#\/schema\/logo\/image\/\",\"url\":\"https:\/\/mjvelascoabogada.com\/wp-content\/uploads\/2024\/11\/cropped-WhatsApp-Image-2024-11-06-at-10.53.19\u202fa.\u202fm-1.png\",\"contentUrl\":\"https:\/\/mjvelascoabogada.com\/wp-content\/uploads\/2024\/11\/cropped-WhatsApp-Image-2024-11-06-at-10.53.19\u202fa.\u202fm-1.png\",\"width\":2874,\"height\":575,\"caption\":\"Mar\u00eda Jos\u00e9 Velasco M\u00e9ndez\"},\"image\":{\"@id\":\"https:\/\/mjvelascoabogada.com\/#\/schema\/logo\/image\/\"}}]}<\/script>\n<!-- \/ Yoast SEO plugin. -->","yoast_head_json":{"title":"Accesibiliad - Mar\u00eda Jos\u00e9 Velasco M\u00e9ndez","robots":{"index":"index","follow":"follow","max-snippet":"max-snippet:-1","max-image-preview":"max-image-preview:large","max-video-preview":"max-video-preview:-1"},"canonical":"https:\/\/mjvelascoabogada.com\/ca\/accesibiliad\/","og_locale":"ca_ES","og_type":"article","og_title":"Accesibiliad - Mar\u00eda Jos\u00e9 Velasco M\u00e9ndez","og_description":"Pol\u00edtica de Accesibilidad En la construcci\u00f3n de la p\u00e1gina web de\u00a0https:\/\/mjvelascoabogada.com\u00a0se han adoptado medidas con el objetivo de que el mayor n\u00famero posible de personas puedan llegar a la informaci\u00f3n&hellip;","og_url":"https:\/\/mjvelascoabogada.com\/ca\/accesibiliad\/","og_site_name":"Mar\u00eda Jos\u00e9 Velasco M\u00e9ndez","article_modified_time":"2024-11-08T11:23:09+00:00","twitter_card":"summary_large_image","twitter_misc":{"Temps estimat de lectura":"2 minuts"},"schema":{"@context":"https:\/\/schema.org","@graph":[{"@type":"WebPage","@id":"https:\/\/mjvelascoabogada.com\/accesibiliad\/","url":"https:\/\/mjvelascoabogada.com\/accesibiliad\/","name":"Accesibiliad - Mar\u00eda Jos\u00e9 Velasco M\u00e9ndez","isPartOf":{"@id":"https:\/\/mjvelascoabogada.com\/#website"},"datePublished":"2024-11-08T09:03:59+00:00","dateModified":"2024-11-08T11:23:09+00:00","breadcrumb":{"@id":"https:\/\/mjvelascoabogada.com\/accesibiliad\/#breadcrumb"},"inLanguage":"ca","potentialAction":[{"@type":"ReadAction","target":["https:\/\/mjvelascoabogada.com\/accesibiliad\/"]}]},{"@type":"BreadcrumbList","@id":"https:\/\/mjvelascoabogada.com\/accesibiliad\/#breadcrumb","itemListElement":[{"@type":"ListItem","position":1,"name":"Portada","item":"https:\/\/mjvelascoabogada.com\/"},{"@type":"ListItem","position":2,"name":"Accesibiliad"}]},{"@type":"WebSite","@id":"https:\/\/mjvelascoabogada.com\/#website","url":"https:\/\/mjvelascoabogada.com\/","name":"Mar\u00eda Jos\u00e9 Velasco M\u00e9ndez","description":"ABOGADA","publisher":{"@id":"https:\/\/mjvelascoabogada.com\/#organization"},"potentialAction":[{"@type":"SearchAction","target":{"@type":"EntryPoint","urlTemplate":"https:\/\/mjvelascoabogada.com\/?s={search_term_string}"},"query-input":{"@type":"PropertyValueSpecification","valueRequired":true,"valueName":"search_term_string"}}],"inLanguage":"ca"},{"@type":"Organization","@id":"https:\/\/mjvelascoabogada.com\/#organization","name":"Mar\u00eda Jos\u00e9 Velasco M\u00e9ndez","url":"https:\/\/mjvelascoabogada.com\/","logo":{"@type":"ImageObject","inLanguage":"ca","@id":"https:\/\/mjvelascoabogada.com\/#\/schema\/logo\/image\/","url":"https:\/\/mjvelascoabogada.com\/wp-content\/uploads\/2024\/11\/cropped-WhatsApp-Image-2024-11-06-at-10.53.19\u202fa.\u202fm-1.png","contentUrl":"https:\/\/mjvelascoabogada.com\/wp-content\/uploads\/2024\/11\/cropped-WhatsApp-Image-2024-11-06-at-10.53.19\u202fa.\u202fm-1.png","width":2874,"height":575,"caption":"Mar\u00eda Jos\u00e9 Velasco M\u00e9ndez"},"image":{"@id":"https:\/\/mjvelascoabogada.com\/#\/schema\/logo\/image\/"}}]}},"_links":{"self":[{"href":"https:\/\/mjvelascoabogada.com\/ca\/wp-json\/wp\/v2\/pages\/21300"}],"collection":[{"href":"https:\/\/mjvelascoabogada.com\/ca\/wp-json\/wp\/v2\/pages"}],"about":[{"href":"https:\/\/mjvelascoabogada.com\/ca\/wp-json\/wp\/v2\/types\/page"}],"author":[{"embeddable":true,"href":"https:\/\/mjvelascoabogada.com\/ca\/wp-json\/wp\/v2\/users\/1"}],"replies":[{"embeddable":true,"href":"https:\/\/mjvelascoabogada.com\/ca\/wp-json\/wp\/v2\/comments?post=21300"}],"version-history":[{"count":2,"href":"https:\/\/mjvelascoabogada.com\/ca\/wp-json\/wp\/v2\/pages\/21300\/revisions"}],"predecessor-version":[{"id":21344,"href":"https:\/\/mjvelascoabogada.com\/ca\/wp-json\/wp\/v2\/pages\/21300\/revisions\/21344"}],"wp:attachment":[{"href":"https:\/\/mjvelascoabogada.com\/ca\/wp-json\/wp\/v2\/media?parent=21300"}],"curies":[{"name":"wp","href":"https:\/\/api.w.org\/{rel}","templated":true}]}}