{"id":17053,"date":"2021-07-22T13:20:35","date_gmt":"2021-07-22T13:20:35","guid":{"rendered":"https:\/\/mjvelascoabogada.com\/?page_id=17053"},"modified":"2024-11-07T19:46:42","modified_gmt":"2024-11-07T19:46:42","slug":"sobre-nosotros","status":"publish","type":"page","link":"https:\/\/mjvelascoabogada.com\/ca\/sobre-nosotros\/","title":{"rendered":"Sobre Nosaltres"},"content":{"rendered":"<div data-elementor-type=\"wp-page\" data-elementor-id=\"17053\" class=\"elementor elementor-17053\">\n\t\t\t\t\t\t<section class=\"elementor-section elementor-top-section elementor-element elementor-element-40bcb8d elementor-section-boxed elementor-section-height-default elementor-section-height-default sc_fly_static\" data-id=\"40bcb8d\" data-element_type=\"section\" data-settings=\"{&quot;background_background&quot;:&quot;classic&quot;}\">\n\t\t\t\t\t\t\t<div class=\"elementor-background-overlay\"><\/div>\n\t\t\t\t\t\t\t<div class=\"elementor-container elementor-column-gap-extended\">\n\t\t\t\t\t<div class=\"elementor-column elementor-col-100 elementor-top-column elementor-element elementor-element-637e497 sc_content_align_inherit sc_layouts_column_icons_position_left sc_fly_static\" data-id=\"637e497\" data-element_type=\"column\">\n\t\t\t<div class=\"elementor-widget-wrap elementor-element-populated\">\n\t\t\t\t\t\t<div class=\"elementor-element elementor-element-db01001 sc_height_huge sc_fly_static elementor-widget elementor-widget-spacer\" data-id=\"db01001\" data-element_type=\"widget\" data-widget_type=\"spacer.default\">\n\t\t\t\t<div class=\"elementor-widget-container\">\n\t\t\t\t\t\t\t<div class=\"elementor-spacer\">\n\t\t\t<div class=\"elementor-spacer-inner\"><\/div>\n\t\t<\/div>\n\t\t\t\t\t\t<\/div>\n\t\t\t\t<\/div>\n\t\t\t\t\t<\/div>\n\t\t<\/div>\n\t\t\t\t\t<\/div>\n\t\t<\/section>\n\t\t\t\t<section class=\"elementor-section elementor-top-section elementor-element elementor-element-d8d17ea elementor-section-boxed elementor-section-height-default elementor-section-height-default sc_fly_static\" data-id=\"d8d17ea\" data-element_type=\"section\">\n\t\t\t\t\t\t<div class=\"elementor-container elementor-column-gap-wider\">\n\t\t\t\t\t<div class=\"elementor-column elementor-col-50 elementor-top-column elementor-element elementor-element-c4326ff sc_content_align_inherit sc_layouts_column_icons_position_left sc_fly_static\" data-id=\"c4326ff\" data-element_type=\"column\">\n\t\t\t<div class=\"elementor-widget-wrap elementor-element-populated\">\n\t\t\t\t\t\t<div class=\"elementor-element elementor-element-4ef5f17 sc_height_medium sc_layouts_hide_on_wide sc_layouts_hide_on_desktop sc_layouts_hide_on_notebook sc_fly_static elementor-widget elementor-widget-spacer\" data-id=\"4ef5f17\" data-element_type=\"widget\" data-widget_type=\"spacer.default\">\n\t\t\t\t<div class=\"elementor-widget-container\">\n\t\t\t\t\t\t\t<div class=\"elementor-spacer\">\n\t\t\t<div class=\"elementor-spacer-inner\"><\/div>\n\t\t<\/div>\n\t\t\t\t\t\t<\/div>\n\t\t\t\t<\/div>\n\t\t\t\t<div class=\"elementor-element elementor-element-e1fdb1c sc_fly_static elementor-widget elementor-widget-trx_sc_title\" data-id=\"e1fdb1c\" data-element_type=\"widget\" data-widget_type=\"trx_sc_title.default\">\n\t\t\t\t<div class=\"elementor-widget-container\">\n\t\t\t\t\t<div\t\tclass=\"sc_title sc_title_default\" ><span class=\"sc_item_subtitle sc_title_subtitle sc_item_subtitle_above sc_item_title_style_default\">Qui som?<\/span><h2 class=\"sc_item_title sc_title_title sc_item_title_style_default sc_item_title_tag\"\n\t\t\t><span class=\"sc_item_title_text\">Mar\u00eda Jos\u00e9 Velasco M\u00e9ndez \n<\/span><\/h2><\/div>\t\t\t\t<\/div>\n\t\t\t\t<\/div>\n\t\t\t\t<div class=\"elementor-element elementor-element-93de45d sc_fly_static elementor-widget elementor-widget-spacer\" data-id=\"93de45d\" data-element_type=\"widget\" data-widget_type=\"spacer.default\">\n\t\t\t\t<div class=\"elementor-widget-container\">\n\t\t\t\t\t\t\t<div class=\"elementor-spacer\">\n\t\t\t<div class=\"elementor-spacer-inner\"><\/div>\n\t\t<\/div>\n\t\t\t\t\t\t<\/div>\n\t\t\t\t<\/div>\n\t\t\t\t<div class=\"elementor-element elementor-element-c22a90b sc_fly_static elementor-widget elementor-widget-text-editor\" data-id=\"c22a90b\" data-element_type=\"widget\" data-widget_type=\"text-editor.default\">\n\t\t\t\t<div class=\"elementor-widget-container\">\n\t\t\t\t\t\t\t\t\t<ul><li>Advocada nascuda a  en Figueres, el 18 de maig de 1977.<\/li><li>Col\u00b7legiada a l\u2019 Il\u00b7lustre Col\u00b7legi de  l\u2019Advocacia  de Figueres \u2013 Alt Empord\u00e0 (no exercent).<span class=\"Apple-converted-space\">\u00a0 <\/span>de Figueres \u2013 Alt Empord\u00e0 (no ejerciente).<\/li><li>Col\u00b7legiada a l\u2019Il\u00b7lustre Col\u00b7legi d\u2019Advocats de Melilla (exercent).<span class=\"Apple-converted-space\">\u00a0<\/span><\/li><\/ul><p><b>Formaci\u00f3:<span class=\"Apple-converted-space\">\u00a0<\/span><\/b><\/p><ul><li>Llicenciada en Dret per la Universitat de Girona.<span class=\"Apple-converted-space\">\u00a0<\/span><\/li><li>Curs d\u2019Especialitzaci\u00f3 Lletrada en la Jurisdicci\u00f3 de Menors.<\/li><li>Curs d\u2019Especialitzaci\u00f3 Lletrada en Viol\u00e8ncia Dom\u00e8stica.<\/li><li>Curs d\u2019Especialitzaci\u00f3 Lletrada en Estrangeria.<span class=\"Apple-converted-space\">\u00a0<\/span><\/li><li>Certificat d\u2019Aptitud Professional- Acc\u00e9s al Torn d\u2019Ofici.<span class=\"Apple-converted-space\">\u00a0<\/span><\/li><li>Curs d\u2019Expert en Tributaci\u00f3 Hispano- Marroqu\u00ed.<\/li><li>I Curs Protecci\u00f3 Jur\u00eddica de les Persones amb Discapacitat.<\/li><li>Curs de Llenguatge Jur\u00eddic (nivell J).<span class=\"Apple-converted-space\">\u00a0<\/span><\/li><\/ul>\t\t\t\t\t\t\t\t<\/div>\n\t\t\t\t<\/div>\n\t\t\t\t\t<\/div>\n\t\t<\/div>\n\t\t\t\t<div class=\"elementor-column elementor-col-50 elementor-top-column elementor-element elementor-element-22b1eeb sc_content_align_inherit sc_layouts_column_icons_position_left sc_fly_static\" data-id=\"22b1eeb\" data-element_type=\"column\">\n\t\t\t<div class=\"elementor-widget-wrap elementor-element-populated\">\n\t\t\t\t\t\t<div class=\"elementor-element elementor-element-1b9fe08 sc_fly_static elementor-widget elementor-widget-image\" data-id=\"1b9fe08\" data-element_type=\"widget\" data-widget_type=\"image.default\">\n\t\t\t\t<div class=\"elementor-widget-container\">\n\t\t\t\t\t\t\t\t\t\t\t\t\t\t\t<img fetchpriority=\"high\" decoding=\"async\" width=\"2048\" height=\"1192\" src=\"https:\/\/mjvelascoabogada.com\/wp-content\/uploads\/2024\/11\/WhatsApp-Image-2024-11-06-at-11.07.36\u202fa.\u202fm.-1.jpeg\" class=\"attachment-full size-full wp-image-21125\" alt=\"\" srcset=\"https:\/\/mjvelascoabogada.com\/wp-content\/uploads\/2024\/11\/WhatsApp-Image-2024-11-06-at-11.07.36\u202fa.\u202fm.-1.jpeg 2048w, https:\/\/mjvelascoabogada.com\/wp-content\/uploads\/2024\/11\/WhatsApp-Image-2024-11-06-at-11.07.36\u202fa.\u202fm.-1-300x175.jpeg 300w, https:\/\/mjvelascoabogada.com\/wp-content\/uploads\/2024\/11\/WhatsApp-Image-2024-11-06-at-11.07.36\u202fa.\u202fm.-1-1024x596.jpeg 1024w, https:\/\/mjvelascoabogada.com\/wp-content\/uploads\/2024\/11\/WhatsApp-Image-2024-11-06-at-11.07.36\u202fa.\u202fm.-1-768x447.jpeg 768w, https:\/\/mjvelascoabogada.com\/wp-content\/uploads\/2024\/11\/WhatsApp-Image-2024-11-06-at-11.07.36\u202fa.\u202fm.-1-1536x894.jpeg 1536w, https:\/\/mjvelascoabogada.com\/wp-content\/uploads\/2024\/11\/WhatsApp-Image-2024-11-06-at-11.07.36\u202fa.\u202fm.-1-370x215.jpeg 370w, https:\/\/mjvelascoabogada.com\/wp-content\/uploads\/2024\/11\/WhatsApp-Image-2024-11-06-at-11.07.36\u202fa.\u202fm.-1-840x489.jpeg 840w, https:\/\/mjvelascoabogada.com\/wp-content\/uploads\/2024\/11\/WhatsApp-Image-2024-11-06-at-11.07.36\u202fa.\u202fm.-1-410x239.jpeg 410w\" sizes=\"(max-width: 2048px) 100vw, 2048px\" \/>\t\t\t\t\t\t\t\t\t\t\t\t\t\t\t<\/div>\n\t\t\t\t<\/div>\n\t\t\t\t<div class=\"elementor-element elementor-element-4cad0c7 sc_fly_static elementor-widget elementor-widget-spacer\" data-id=\"4cad0c7\" data-element_type=\"widget\" data-widget_type=\"spacer.default\">\n\t\t\t\t<div class=\"elementor-widget-container\">\n\t\t\t\t\t\t\t<div class=\"elementor-spacer\">\n\t\t\t<div class=\"elementor-spacer-inner\"><\/div>\n\t\t<\/div>\n\t\t\t\t\t\t<\/div>\n\t\t\t\t<\/div>\n\t\t\t\t\t<\/div>\n\t\t<\/div>\n\t\t\t\t\t<\/div>\n\t\t<\/section>\n\t\t\t\t<section class=\"elementor-section elementor-top-section elementor-element elementor-element-4161eb6 elementor-section-boxed elementor-section-height-default elementor-section-height-default sc_fly_static\" data-id=\"4161eb6\" data-element_type=\"section\">\n\t\t\t\t\t\t<div class=\"elementor-container elementor-column-gap-extended\">\n\t\t\t\t\t<div class=\"elementor-column elementor-col-100 elementor-top-column elementor-element elementor-element-89caef7 sc_content_align_inherit sc_layouts_column_icons_position_left sc_fly_static\" data-id=\"89caef7\" data-element_type=\"column\">\n\t\t\t<div class=\"elementor-widget-wrap elementor-element-populated\">\n\t\t\t\t\t\t<div class=\"elementor-element elementor-element-1edea10 sc_fly_static elementor-widget elementor-widget-spacer\" data-id=\"1edea10\" data-element_type=\"widget\" data-widget_type=\"spacer.default\">\n\t\t\t\t<div class=\"elementor-widget-container\">\n\t\t\t\t\t\t\t<div class=\"elementor-spacer\">\n\t\t\t<div class=\"elementor-spacer-inner\"><\/div>\n\t\t<\/div>\n\t\t\t\t\t\t<\/div>\n\t\t\t\t<\/div>\n\t\t\t\t<div class=\"elementor-element elementor-element-402f01d sc_fly_static elementor-widget elementor-widget-text-editor\" data-id=\"402f01d\" data-element_type=\"widget\" data-widget_type=\"text-editor.default\">\n\t\t\t\t<div class=\"elementor-widget-container\">\n\t\t\t\t\t\t\t\t\t<p><b>Posici\u00f3 professional:<span class=\"Apple-converted-space\">\u00a0<\/span><\/b><\/p><ul><li>Advocada exercent.<span class=\"Apple-converted-space\">\u00a0<\/span><\/li><\/ul><p><b>Idiomes:<span class=\"Apple-converted-space\">\u00a0<\/span><\/b><\/p><ul><li>Castell\u00e0, catal\u00e0, franc\u00e8s i angl\u00e8s.<span class=\"Apple-converted-space\">\u00a0<\/span><\/li><\/ul><p><b>\u00c0rees Professionals:<span class=\"Apple-converted-space\">\u00a0<\/span><\/b><\/p><ul><li>Dret Civil: Dret de Fam\u00edlia, Arrendaments, compravendes, Reclamaci\u00f3 d\u2019impagats, Responsabilitat Civil, etc\u2026<\/li><li>Dret Penal.<\/li><li>Dret Administratiu.<span class=\"Apple-converted-space\">\u00a0<\/span><\/li><li>Estrangeria (Protecci\u00f3 Internacional, Expulsions, Devolucions i procediments Contenci\u00f3s- Administratius).<span class=\"Apple-converted-space\">\u00a0<\/span><\/li><\/ul>\t\t\t\t\t\t\t\t<\/div>\n\t\t\t\t<\/div>\n\t\t\t\t<div class=\"elementor-element elementor-element-095c347 sc_fly_static elementor-widget elementor-widget-spacer\" data-id=\"095c347\" data-element_type=\"widget\" data-widget_type=\"spacer.default\">\n\t\t\t\t<div class=\"elementor-widget-container\">\n\t\t\t\t\t\t\t<div class=\"elementor-spacer\">\n\t\t\t<div class=\"elementor-spacer-inner\"><\/div>\n\t\t<\/div>\n\t\t\t\t\t\t<\/div>\n\t\t\t\t<\/div>\n\t\t\t\t<div class=\"elementor-element elementor-element-83b5b38 sc_fly_static elementor-widget elementor-widget-spacer\" data-id=\"83b5b38\" data-element_type=\"widget\" data-widget_type=\"spacer.default\">\n\t\t\t\t<div class=\"elementor-widget-container\">\n\t\t\t\t\t\t\t<div class=\"elementor-spacer\">\n\t\t\t<div class=\"elementor-spacer-inner\"><\/div>\n\t\t<\/div>\n\t\t\t\t\t\t<\/div>\n\t\t\t\t<\/div>\n\t\t\t\t\t<\/div>\n\t\t<\/div>\n\t\t\t\t\t<\/div>\n\t\t<\/section>\n\t\t\t\t<\/div>","protected":false},"excerpt":{"rendered":"<p>\u00bfQui\u00e9nes somos? Mar\u00eda Jos\u00e9 Velasco M\u00e9ndez Abogada nacida en Figueres, el 18 de mayo de 1977. Colegiada en el Ilustre Colegio de la Abogac\u00eda\u00a0 de Figueres \u2013 Alt Empord\u00e0 (no&hellip;<\/p>","protected":false},"author":1,"featured_media":0,"parent":0,"menu_order":0,"comment_status":"closed","ping_status":"closed","template":"","meta":{"footnotes":""},"class_list":["post-17053","page","type-page","status-publish","hentry"],"yoast_head":"<!-- This site is optimized with the Yoast SEO plugin v23.8 - https:\/\/yoast.com\/wordpress\/plugins\/seo\/ -->\n<title>Sobre Nosotros - Mar\u00eda Jos\u00e9 Velasco M\u00e9ndez<\/title>\n<meta name=\"robots\" content=\"index, follow, max-snippet:-1, max-image-preview:large, max-video-preview:-1\" \/>\n<link rel=\"canonical\" href=\"https:\/\/mjvelascoabogada.com\/ca\/sobre-nosotros\/\" \/>\n<meta property=\"og:locale\" content=\"ca_ES\" \/>\n<meta property=\"og:type\" content=\"article\" \/>\n<meta property=\"og:title\" content=\"Sobre Nosotros - Mar\u00eda Jos\u00e9 Velasco M\u00e9ndez\" \/>\n<meta property=\"og:description\" content=\"\u00bfQui\u00e9nes somos? Mar\u00eda Jos\u00e9 Velasco M\u00e9ndez Abogada nacida en Figueres, el 18 de mayo de 1977. Colegiada en el Ilustre Colegio de la Abogac\u00eda\u00a0 de Figueres \u2013 Alt Empord\u00e0 (no&hellip;\" \/>\n<meta property=\"og:url\" content=\"https:\/\/mjvelascoabogada.com\/ca\/sobre-nosotros\/\" \/>\n<meta property=\"og:site_name\" content=\"Mar\u00eda Jos\u00e9 Velasco M\u00e9ndez\" \/>\n<meta property=\"article:modified_time\" content=\"2024-11-07T19:46:42+00:00\" \/>\n<meta name=\"twitter:card\" content=\"summary_large_image\" \/>\n<meta name=\"twitter:label1\" content=\"Temps estimat de lectura\" \/>\n\t<meta name=\"twitter:data1\" content=\"1 minut\" \/>\n<script type=\"application\/ld+json\" class=\"yoast-schema-graph\">{\"@context\":\"https:\/\/schema.org\",\"@graph\":[{\"@type\":\"WebPage\",\"@id\":\"https:\/\/mjvelascoabogada.com\/sobre-nosotros\/\",\"url\":\"https:\/\/mjvelascoabogada.com\/sobre-nosotros\/\",\"name\":\"Sobre Nosotros - Mar\u00eda Jos\u00e9 Velasco M\u00e9ndez\",\"isPartOf\":{\"@id\":\"https:\/\/mjvelascoabogada.com\/#website\"},\"datePublished\":\"2021-07-22T13:20:35+00:00\",\"dateModified\":\"2024-11-07T19:46:42+00:00\",\"breadcrumb\":{\"@id\":\"https:\/\/mjvelascoabogada.com\/sobre-nosotros\/#breadcrumb\"},\"inLanguage\":\"ca\",\"potentialAction\":[{\"@type\":\"ReadAction\",\"target\":[\"https:\/\/mjvelascoabogada.com\/sobre-nosotros\/\"]}]},{\"@type\":\"BreadcrumbList\",\"@id\":\"https:\/\/mjvelascoabogada.com\/sobre-nosotros\/#breadcrumb\",\"itemListElement\":[{\"@type\":\"ListItem\",\"position\":1,\"name\":\"Portada\",\"item\":\"https:\/\/mjvelascoabogada.com\/\"},{\"@type\":\"ListItem\",\"position\":2,\"name\":\"Sobre Nosotros\"}]},{\"@type\":\"WebSite\",\"@id\":\"https:\/\/mjvelascoabogada.com\/#website\",\"url\":\"https:\/\/mjvelascoabogada.com\/\",\"name\":\"Mar\u00eda Jos\u00e9 Velasco M\u00e9ndez\",\"description\":\"ABOGADA\",\"publisher\":{\"@id\":\"https:\/\/mjvelascoabogada.com\/#organization\"},\"potentialAction\":[{\"@type\":\"SearchAction\",\"target\":{\"@type\":\"EntryPoint\",\"urlTemplate\":\"https:\/\/mjvelascoabogada.com\/?s={search_term_string}\"},\"query-input\":{\"@type\":\"PropertyValueSpecification\",\"valueRequired\":true,\"valueName\":\"search_term_string\"}}],\"inLanguage\":\"ca\"},{\"@type\":\"Organization\",\"@id\":\"https:\/\/mjvelascoabogada.com\/#organization\",\"name\":\"Mar\u00eda Jos\u00e9 Velasco M\u00e9ndez\",\"url\":\"https:\/\/mjvelascoabogada.com\/\",\"logo\":{\"@type\":\"ImageObject\",\"inLanguage\":\"ca\",\"@id\":\"https:\/\/mjvelascoabogada.com\/#\/schema\/logo\/image\/\",\"url\":\"https:\/\/mjvelascoabogada.com\/wp-content\/uploads\/2024\/11\/cropped-WhatsApp-Image-2024-11-06-at-10.53.19\u202fa.\u202fm-1.png\",\"contentUrl\":\"https:\/\/mjvelascoabogada.com\/wp-content\/uploads\/2024\/11\/cropped-WhatsApp-Image-2024-11-06-at-10.53.19\u202fa.\u202fm-1.png\",\"width\":2874,\"height\":575,\"caption\":\"Mar\u00eda Jos\u00e9 Velasco M\u00e9ndez\"},\"image\":{\"@id\":\"https:\/\/mjvelascoabogada.com\/#\/schema\/logo\/image\/\"}}]}<\/script>\n<!-- \/ Yoast SEO plugin. -->","yoast_head_json":{"title":"Sobre Nosotros - Mar\u00eda Jos\u00e9 Velasco M\u00e9ndez","robots":{"index":"index","follow":"follow","max-snippet":"max-snippet:-1","max-image-preview":"max-image-preview:large","max-video-preview":"max-video-preview:-1"},"canonical":"https:\/\/mjvelascoabogada.com\/ca\/sobre-nosotros\/","og_locale":"ca_ES","og_type":"article","og_title":"Sobre Nosotros - Mar\u00eda Jos\u00e9 Velasco M\u00e9ndez","og_description":"\u00bfQui\u00e9nes somos? Mar\u00eda Jos\u00e9 Velasco M\u00e9ndez Abogada nacida en Figueres, el 18 de mayo de 1977. Colegiada en el Ilustre Colegio de la Abogac\u00eda\u00a0 de Figueres \u2013 Alt Empord\u00e0 (no&hellip;","og_url":"https:\/\/mjvelascoabogada.com\/ca\/sobre-nosotros\/","og_site_name":"Mar\u00eda Jos\u00e9 Velasco M\u00e9ndez","article_modified_time":"2024-11-07T19:46:42+00:00","twitter_card":"summary_large_image","twitter_misc":{"Temps estimat de lectura":"1 minut"},"schema":{"@context":"https:\/\/schema.org","@graph":[{"@type":"WebPage","@id":"https:\/\/mjvelascoabogada.com\/sobre-nosotros\/","url":"https:\/\/mjvelascoabogada.com\/sobre-nosotros\/","name":"Sobre Nosotros - Mar\u00eda Jos\u00e9 Velasco M\u00e9ndez","isPartOf":{"@id":"https:\/\/mjvelascoabogada.com\/#website"},"datePublished":"2021-07-22T13:20:35+00:00","dateModified":"2024-11-07T19:46:42+00:00","breadcrumb":{"@id":"https:\/\/mjvelascoabogada.com\/sobre-nosotros\/#breadcrumb"},"inLanguage":"ca","potentialAction":[{"@type":"ReadAction","target":["https:\/\/mjvelascoabogada.com\/sobre-nosotros\/"]}]},{"@type":"BreadcrumbList","@id":"https:\/\/mjvelascoabogada.com\/sobre-nosotros\/#breadcrumb","itemListElement":[{"@type":"ListItem","position":1,"name":"Portada","item":"https:\/\/mjvelascoabogada.com\/"},{"@type":"ListItem","position":2,"name":"Sobre Nosotros"}]},{"@type":"WebSite","@id":"https:\/\/mjvelascoabogada.com\/#website","url":"https:\/\/mjvelascoabogada.com\/","name":"Mar\u00eda Jos\u00e9 Velasco M\u00e9ndez","description":"ABOGADA","publisher":{"@id":"https:\/\/mjvelascoabogada.com\/#organization"},"potentialAction":[{"@type":"SearchAction","target":{"@type":"EntryPoint","urlTemplate":"https:\/\/mjvelascoabogada.com\/?s={search_term_string}"},"query-input":{"@type":"PropertyValueSpecification","valueRequired":true,"valueName":"search_term_string"}}],"inLanguage":"ca"},{"@type":"Organization","@id":"https:\/\/mjvelascoabogada.com\/#organization","name":"Mar\u00eda Jos\u00e9 Velasco M\u00e9ndez","url":"https:\/\/mjvelascoabogada.com\/","logo":{"@type":"ImageObject","inLanguage":"ca","@id":"https:\/\/mjvelascoabogada.com\/#\/schema\/logo\/image\/","url":"https:\/\/mjvelascoabogada.com\/wp-content\/uploads\/2024\/11\/cropped-WhatsApp-Image-2024-11-06-at-10.53.19\u202fa.\u202fm-1.png","contentUrl":"https:\/\/mjvelascoabogada.com\/wp-content\/uploads\/2024\/11\/cropped-WhatsApp-Image-2024-11-06-at-10.53.19\u202fa.\u202fm-1.png","width":2874,"height":575,"caption":"Mar\u00eda Jos\u00e9 Velasco M\u00e9ndez"},"image":{"@id":"https:\/\/mjvelascoabogada.com\/#\/schema\/logo\/image\/"}}]}},"_links":{"self":[{"href":"https:\/\/mjvelascoabogada.com\/ca\/wp-json\/wp\/v2\/pages\/17053"}],"collection":[{"href":"https:\/\/mjvelascoabogada.com\/ca\/wp-json\/wp\/v2\/pages"}],"about":[{"href":"https:\/\/mjvelascoabogada.com\/ca\/wp-json\/wp\/v2\/types\/page"}],"author":[{"embeddable":true,"href":"https:\/\/mjvelascoabogada.com\/ca\/wp-json\/wp\/v2\/users\/1"}],"replies":[{"embeddable":true,"href":"https:\/\/mjvelascoabogada.com\/ca\/wp-json\/wp\/v2\/comments?post=17053"}],"version-history":[{"count":15,"href":"https:\/\/mjvelascoabogada.com\/ca\/wp-json\/wp\/v2\/pages\/17053\/revisions"}],"predecessor-version":[{"id":21155,"href":"https:\/\/mjvelascoabogada.com\/ca\/wp-json\/wp\/v2\/pages\/17053\/revisions\/21155"}],"wp:attachment":[{"href":"https:\/\/mjvelascoabogada.com\/ca\/wp-json\/wp\/v2\/media?parent=17053"}],"curies":[{"name":"wp","href":"https:\/\/api.w.org\/{rel}","templated":true}]}}